{"id":586,"date":"2020-10-19T02:27:47","date_gmt":"2020-10-19T02:27:47","guid":{"rendered":"https:\/\/mstudiophoto.com\/?page_id=586"},"modified":"2024-03-19T21:46:49","modified_gmt":"2024-03-19T21:46:49","slug":"deroulement","status":"publish","type":"page","link":"https:\/\/mstudiophoto.com\/index.php\/deroulement\/","title":{"rendered":"Votre s\u00e9ance"},"content":{"rendered":"\t\t<div data-elementor-type=\"wp-page\" data-elementor-id=\"586\" class=\"elementor elementor-586\">\n\t\t\t\t\t\t<section class=\"elementor-section elementor-top-section elementor-element elementor-element-7aa7a843 elementor-section-boxed elementor-section-height-default elementor-section-height-default\" data-id=\"7aa7a843\" data-element_type=\"section\" id=\"votreseance\">\n\t\t\t\t\t\t\t<div class=\"elementor-background-overlay\"><\/div>\n\t\t\t\t\t\t\t<div class=\"elementor-container elementor-column-gap-default\">\n\t\t\t\t\t<div class=\"elementor-column elementor-col-100 elementor-top-column elementor-element elementor-element-3d32cf1\" data-id=\"3d32cf1\" data-element_type=\"column\">\n\t\t\t<div class=\"elementor-widget-wrap elementor-element-populated\">\n\t\t\t\t\t\t<div class=\"elementor-element elementor-element-45a83697 elementor-widget elementor-widget-heading\" data-id=\"45a83697\" data-element_type=\"widget\" data-widget_type=\"heading.default\">\n\t\t\t\t\t<h3 class=\"elementor-heading-title elementor-size-large\">Votre s\u00e9ance photo<\/h3>\t\t\t\t<\/div>\n\t\t\t\t<div class=\"elementor-element elementor-element-440affc5 elementor-widget elementor-widget-text-editor\" data-id=\"440affc5\" data-element_type=\"widget\" data-widget_type=\"text-editor.default\">\n\t\t\t\t\t\t\t\t\t<p>Mstudiophoto est facilement accessible \u00e0 pied, \u00e0 v\u00e9lo ou en voiture. Si vous venez en voiture, se garer dans la rue est payant de 9h \u00e0 12h et 14h \u00e0 19h du lundi au vendredi, mais vous avez 30 minutes gratuites sur inscription. Pour en profiter, inscrivez votre plaque d&rsquo;immatriculation dans l&rsquo;horodateur disponible en face du studio.<em><br \/><\/em><\/p><p>Les s\u00e9ances ont lieu dans notre studio \u00e0 N\u00eemes ou en ext<span data-dobid=\"hdw\">\u00e9<\/span>rieur. Elles durent entre 1h et 2h30 selon la formule choisie. Nous r\u00e9alisons des prises de vue avec diff\u00e9rents looks et attitudes qui vous permettront de choisir les images qui vous correspondent le mieux. Pour cela, nous discutons ensemble tout au long de la s\u00e9ance, nous\u00a0 visionnons les photos et d\u00e9cidons comment ajuster les prises suivantes afin de coller le mieux possible \u00e0 vos attentes.<\/p><p>La priorit\u00e9 est que vous quittiez le studio avec exactement ce que vous d\u00e9siriez. Les photos de votre choix seront mises \u00e0 votre disposition en format papier (format A5) et digital format JPG (lien avec les photos \u00e0 t\u00e9l\u00e9charger). Nos formules pro et d\u00e9couverte incluent 2 photos retouch\u00e9es ; les s\u00e9ances classiques vous permettent de s\u00e9lectionner de 5 \u00e0 15 photos retouch\u00e9es selon le tarif retenu.<br \/>Bien s\u00fbr, vous pouvez toujours d\u00e9cider de s\u00e9lectionner des photos suppl\u00e9mentaires \u00e0 un co\u00fbt additionnel.<\/p><h3><strong>Comment vous habiller pour votre s\u00e9ance?<\/strong><\/h3><p>Pour une s\u00e9ance photo r\u00e9ussie : on se bichonne c\u00f4t\u00e9 v\u00eatements !<\/p><p>Choisir la bonne tenue pour votre s\u00e9ance photo est primordial pour un r\u00e9sultat final \u00e0 la hauteur de vos attentes. Voici quelques conseils pour vous guider :<\/p><p>Couleurs et motifs :<\/p><p>&#8211; Privil\u00e9giez la simplicit\u00e9 : \u00e9vitez les v\u00eatements \u00e0 gros imprim\u00e9s, rayures serr\u00e9es ou trop brillants qui peuvent cr\u00e9er un effet moir\u00e9 sur les photos.<\/p><p>&#8211; Osez la couleur : les couleurs unies mettent en valeur votre silhouette et s&rsquo;harmonisent facilement avec le d\u00e9cor. Tons pastels, couleurs vives ou nuances profondes, le choix d\u00e9pend du style de la s\u00e9ance photo.<\/p><p>Tenues et accessoires :<\/p><p>&#8211; Ajustement parfait : privil\u00e9giez des v\u00eatements bien coup\u00e9s qui vous mettent en valeur. \u00c9vitez les v\u00eatements trop amples ou trop serr\u00e9s qui peuvent \u00eatre inconfortables sur les photos.<br \/>&#8211; Variez les styles : n&rsquo;h\u00e9sitez pas \u00e0 pr\u00e9voir plusieurs tenues pour cr\u00e9er des looks diff\u00e9rents. Pensez \u00e0 la coh\u00e9rence globale avec le th\u00e8me de la s\u00e9ance photo.<br \/>&#8211; Accessoires discrets : les bijoux et les foulards peuvent ajouter une touche d&rsquo;\u00e9l\u00e9gance, mais attention \u00e0 la surcharge. Optez pour des accessoires subtils qui compl\u00e8tent votre tenue sans voler la vedette.<\/p><p>Confort avant tout !<\/p><p>Le plus important est que vous vous sentiez \u00e0 l&rsquo;aise dans vos v\u00eatements. Si vous n&rsquo;\u00eates pas \u00e0 l&rsquo;aise, cela se ressentira sur les photos. Choisissez des tenues dans lesquelles vous pouvez bouger et prendre diff\u00e9rentes poses sans \u00eatre g\u00ean\u00e9(e).<\/p><p>Discutez de vos id\u00e9es vestimentaires avec moi en amont de la s\u00e9ance. Je pourrai\u00a0 vous conseiller en fonction du style recherch\u00e9, du d\u00e9cor et de l&rsquo;\u00e9clairage. N&rsquo;h\u00e9sitez pas \u00e0 me montrer des photos d&rsquo;inspiration pour trouver des tenues qui correspondent \u00e0 votre vision.<\/p><p>En suivant ces conseils, vous choisirez des v\u00eatements qui vous mettront en valeur et contribueront \u00e0 la r\u00e9ussite de votre s\u00e9ance photo !<\/p><h3><strong>Coiffure et maquillage<\/strong><\/h3><p>Un maquillage et coiffure soign\u00e9 sont fortement recommand\u00e9s. Nous vous demandons d\u2019arriver d\u00e9j\u00e0 coiff\u00e9(e)s et maquill\u00e9es pour les dames, et si vous le souhaitez nous pouvons vous proposer les coordonn\u00e9s des maquilleuses avec qui on travaille r\u00e9guli\u00e8rement.<\/p><h3><strong>Prise de rendez-vous et r\u00e8glement<\/strong><\/h3><p>Nous vous recevrons sur rendez-vous du lundi au vendredi \u00e0 partir de 10 h. Gardez \u00e0 l\u2019esprit qu\u2019afin de vous garantir enti\u00e8re satisfaction, les s\u00e9ances peuvent durer un peu plus longtemps que les dur\u00e9es indiqu\u00e9es ; nous vous recommandons donc de ne rien pr\u00e9voir imm\u00e9diatement apr\u00e8s votre session. Nous acceptons les paiements en esp\u00e8ces, par CB, ch\u00e8que et par virement. Merci de libeller votre ch\u00e8que \u00e0 l\u2019ordre de Max Alarc\u00f3n et de l\u2019adresser \u00e0: Mstudiophoto, 19 rue Ernest Renan, 30900 N\u00eemes.<\/p><p>Si vous souhaitez faire appel aux services d\u2019un maquilleur professionnel, pr\u00e9voyez le r\u00e8glement \u00e0 lui donner directement le jour de la s\u00e9ance.<\/p><p>N\u2019h\u00e9sitez pas a nous appeler pour des demandes particuli\u00e8res ou pour plus de d\u00e9tails! \ud83d\ude42<\/p><p>A tr\u00e8s vite!<\/p>\t\t\t\t\t\t\t\t<\/div>\n\t\t\t\t<div class=\"elementor-element elementor-element-2dc5ef2a elementor-widget-divider--view-line elementor-widget elementor-widget-divider\" data-id=\"2dc5ef2a\" data-element_type=\"widget\" data-widget_type=\"divider.default\">\n\t\t\t\t\t\t\t<div class=\"elementor-divider\">\n\t\t\t<span class=\"elementor-divider-separator\">\n\t\t\t\t\t\t<\/span>\n\t\t<\/div>\n\t\t\t\t\t\t<\/div>\n\t\t\t\t\t<\/div>\n\t\t<\/div>\n\t\t\t\t\t<\/div>\n\t\t<\/section>\n\t\t\t\t<section class=\"elementor-section elementor-top-section elementor-element elementor-element-49a671a6 elementor-section-boxed elementor-section-height-default elementor-section-height-default\" data-id=\"49a671a6\" data-element_type=\"section\" id=\"Contact\">\n\t\t\t\t\t\t\t<div class=\"elementor-background-overlay\"><\/div>\n\t\t\t\t\t\t\t<div class=\"elementor-container elementor-column-gap-no\">\n\t\t\t\t\t<div class=\"elementor-column elementor-col-50 elementor-top-column elementor-element elementor-element-4026e68c\" data-id=\"4026e68c\" data-element_type=\"column\">\n\t\t\t<div class=\"elementor-widget-wrap elementor-element-populated\">\n\t\t\t\t\t\t<div class=\"elementor-element elementor-element-137d2a5f elementor-widget elementor-widget-spacer\" data-id=\"137d2a5f\" data-element_type=\"widget\" data-widget_type=\"spacer.default\">\n\t\t\t\t\t\t\t<div class=\"elementor-spacer\">\n\t\t\t<div class=\"elementor-spacer-inner\"><\/div>\n\t\t<\/div>\n\t\t\t\t\t\t<\/div>\n\t\t\t\t<div class=\"elementor-element elementor-element-1955994f elementor-widget elementor-widget-heading\" data-id=\"1955994f\" data-element_type=\"widget\" data-widget_type=\"heading.default\">\n\t\t\t\t\t<h3 class=\"elementor-heading-title elementor-size-large\">Une question?...<\/h3>\t\t\t\t<\/div>\n\t\t\t\t<div class=\"elementor-element elementor-element-4fc1b52d elementor-widget-divider--view-line elementor-widget elementor-widget-divider\" data-id=\"4fc1b52d\" data-element_type=\"widget\" data-widget_type=\"divider.default\">\n\t\t\t\t\t\t\t<div class=\"elementor-divider\">\n\t\t\t<span class=\"elementor-divider-separator\">\n\t\t\t\t\t\t<\/span>\n\t\t<\/div>\n\t\t\t\t\t\t<\/div>\n\t\t\t\t<div class=\"elementor-element elementor-element-2de7f712 elementor-icon-list--layout-traditional elementor-list-item-link-full_width elementor-widget elementor-widget-icon-list\" data-id=\"2de7f712\" data-element_type=\"widget\" data-widget_type=\"icon-list.default\">\n\t\t\t\t\t\t\t<ul class=\"elementor-icon-list-items\">\n\t\t\t\t\t\t\t<li class=\"elementor-icon-list-item\">\n\t\t\t\t\t\t\t\t\t\t\t<a href=\"mailto:mstudiophot@gmail.com\">\n\n\t\t\t\t\t\t\t\t\t\t\t\t<span class=\"elementor-icon-list-icon\">\n\t\t\t\t\t\t\t<svg aria-hidden=\"true\" class=\"e-font-icon-svg e-far-envelope\" viewBox=\"0 0 512 512\" xmlns=\"http:\/\/www.w3.org\/2000\/svg\"><path d=\"M464 64H48C21.49 64 0 85.49 0 112v288c0 26.51 21.49 48 48 48h416c26.51 0 48-21.49 48-48V112c0-26.51-21.49-48-48-48zm0 48v40.805c-22.422 18.259-58.168 46.651-134.587 106.49-16.841 13.247-50.201 45.072-73.413 44.701-23.208.375-56.579-31.459-73.413-44.701C106.18 199.465 70.425 171.067 48 152.805V112h416zM48 400V214.398c22.914 18.251 55.409 43.862 104.938 82.646 21.857 17.205 60.134 55.186 103.062 54.955 42.717.231 80.509-37.199 103.053-54.947 49.528-38.783 82.032-64.401 104.947-82.653V400H48z\"><\/path><\/svg>\t\t\t\t\t\t<\/span>\n\t\t\t\t\t\t\t\t\t\t<span class=\"elementor-icon-list-text\">contact@mstudiophoto.com<\/span>\n\t\t\t\t\t\t\t\t\t\t\t<\/a>\n\t\t\t\t\t\t\t\t\t<\/li>\n\t\t\t\t\t\t\t\t<li class=\"elementor-icon-list-item\">\n\t\t\t\t\t\t\t\t\t\t\t<span class=\"elementor-icon-list-icon\">\n\t\t\t\t\t\t\t<svg aria-hidden=\"true\" class=\"e-font-icon-svg e-fas-phone\" viewBox=\"0 0 512 512\" xmlns=\"http:\/\/www.w3.org\/2000\/svg\"><path d=\"M493.4 24.6l-104-24c-11.3-2.6-22.9 3.3-27.5 13.9l-48 112c-4.2 9.8-1.4 21.3 6.9 28l60.6 49.6c-36 76.7-98.9 140.5-177.2 177.2l-49.6-60.6c-6.8-8.3-18.2-11.1-28-6.9l-112 48C3.9 366.5-2 378.1.6 389.4l24 104C27.1 504.2 36.7 512 48 512c256.1 0 464-207.5 464-464 0-11.2-7.7-20.9-18.6-23.4z\"><\/path><\/svg>\t\t\t\t\t\t<\/span>\n\t\t\t\t\t\t\t\t\t\t<span class=\"elementor-icon-list-text\">06 51 54 10 06<\/span>\n\t\t\t\t\t\t\t\t\t<\/li>\n\t\t\t\t\t\t\t\t<li class=\"elementor-icon-list-item\">\n\t\t\t\t\t\t\t\t\t\t\t<span class=\"elementor-icon-list-icon\">\n\t\t\t\t\t\t\t<svg aria-hidden=\"true\" class=\"e-font-icon-svg e-fas-location-arrow\" viewBox=\"0 0 512 512\" xmlns=\"http:\/\/www.w3.org\/2000\/svg\"><path d=\"M444.52 3.52L28.74 195.42c-47.97 22.39-31.98 92.75 19.19 92.75h175.91v175.91c0 51.17 70.36 67.17 92.75 19.19l191.9-415.78c15.99-38.39-25.59-79.97-63.97-63.97z\"><\/path><\/svg>\t\t\t\t\t\t<\/span>\n\t\t\t\t\t\t\t\t\t\t<span class=\"elementor-icon-list-text\">19 Rue Ernest Renan. 30900 N\u00eemes. France<\/span>\n\t\t\t\t\t\t\t\t\t<\/li>\n\t\t\t\t\t\t\t\t<li class=\"elementor-icon-list-item\">\n\t\t\t\t\t\t\t\t\t\t\t<span class=\"elementor-icon-list-icon\">\n\t\t\t\t\t\t\t<svg aria-hidden=\"true\" class=\"e-font-icon-svg e-fas-check\" viewBox=\"0 0 512 512\" xmlns=\"http:\/\/www.w3.org\/2000\/svg\"><path d=\"M173.898 439.404l-166.4-166.4c-9.997-9.997-9.997-26.206 0-36.204l36.203-36.204c9.997-9.998 26.207-9.998 36.204 0L192 312.69 432.095 72.596c9.997-9.997 26.207-9.997 36.204 0l36.203 36.204c9.997 9.997 9.997 26.206 0 36.204l-294.4 294.401c-9.998 9.997-26.207 9.997-36.204-.001z\"><\/path><\/svg>\t\t\t\t\t\t<\/span>\n\t\t\t\t\t\t\t\t\t\t<span class=\"elementor-icon-list-text\">Sur Rendez-vous<\/span>\n\t\t\t\t\t\t\t\t\t<\/li>\n\t\t\t\t\t\t\t\t<li class=\"elementor-icon-list-item\">\n\t\t\t\t\t\t\t\t\t\t\t<span class=\"elementor-icon-list-icon\">\n\t\t\t\t\t\t\t<svg aria-hidden=\"true\" class=\"e-font-icon-svg e-fas-car\" viewBox=\"0 0 512 512\" xmlns=\"http:\/\/www.w3.org\/2000\/svg\"><path d=\"M499.99 176h-59.87l-16.64-41.6C406.38 91.63 365.57 64 319.5 64h-127c-46.06 0-86.88 27.63-103.99 70.4L71.87 176H12.01C4.2 176-1.53 183.34.37 190.91l6 24C7.7 220.25 12.5 224 18.01 224h20.07C24.65 235.73 16 252.78 16 272v48c0 16.12 6.16 30.67 16 41.93V416c0 17.67 14.33 32 32 32h32c17.67 0 32-14.33 32-32v-32h256v32c0 17.67 14.33 32 32 32h32c17.67 0 32-14.33 32-32v-54.07c9.84-11.25 16-25.8 16-41.93v-48c0-19.22-8.65-36.27-22.07-48H494c5.51 0 10.31-3.75 11.64-9.09l6-24c1.89-7.57-3.84-14.91-11.65-14.91zm-352.06-17.83c7.29-18.22 24.94-30.17 44.57-30.17h127c19.63 0 37.28 11.95 44.57 30.17L384 208H128l19.93-49.83zM96 319.8c-19.2 0-32-12.76-32-31.9S76.8 256 96 256s48 28.71 48 47.85-28.8 15.95-48 15.95zm320 0c-19.2 0-48 3.19-48-15.95S396.8 256 416 256s32 12.76 32 31.9-12.8 31.9-32 31.9z\"><\/path><\/svg>\t\t\t\t\t\t<\/span>\n\t\t\t\t\t\t\t\t\t\t<span class=\"elementor-icon-list-text\">Vous pouvez vous garer facilement \u00e0 proximit\u00e9 du studio<\/span>\n\t\t\t\t\t\t\t\t\t<\/li>\n\t\t\t\t\t\t\t\t<li class=\"elementor-icon-list-item\">\n\t\t\t\t\t\t\t\t\t\t\t<span class=\"elementor-icon-list-icon\">\n\t\t\t\t\t\t\t<svg aria-hidden=\"true\" class=\"e-font-icon-svg e-fas-parking\" viewBox=\"0 0 448 512\" xmlns=\"http:\/\/www.w3.org\/2000\/svg\"><path d=\"M400 32H48C21.5 32 0 53.5 0 80v352c0 26.5 21.5 48 48 48h352c26.5 0 48-21.5 48-48V80c0-26.5-21.5-48-48-48zM240 320h-48v48c0 8.8-7.2 16-16 16h-32c-8.8 0-16-7.2-16-16V144c0-8.8 7.2-16 16-16h96c52.9 0 96 43.1 96 96s-43.1 96-96 96zm0-128h-48v64h48c17.6 0 32-14.4 32-32s-14.4-32-32-32z\"><\/path><\/svg>\t\t\t\t\t\t<\/span>\n\t\t\t\t\t\t\t\t\t\t<span class=\"elementor-icon-list-text\"> 30 minutes gratuits (inscription sur l\u2019horodateur en face du studio) <\/span>\n\t\t\t\t\t\t\t\t\t<\/li>\n\t\t\t\t\t\t\t\t<li class=\"elementor-icon-list-item\">\n\t\t\t\t\t\t\t\t\t\t\t<span class=\"elementor-icon-list-icon\">\n\t\t\t\t\t\t\t<svg aria-hidden=\"true\" class=\"e-font-icon-svg e-far-smile\" viewBox=\"0 0 496 512\" xmlns=\"http:\/\/www.w3.org\/2000\/svg\"><path d=\"M248 8C111 8 0 119 0 256s111 248 248 248 248-111 248-248S385 8 248 8zm0 448c-110.3 0-200-89.7-200-200S137.7 56 248 56s200 89.7 200 200-89.7 200-200 200zm-80-216c17.7 0 32-14.3 32-32s-14.3-32-32-32-32 14.3-32 32 14.3 32 32 32zm160 0c17.7 0 32-14.3 32-32s-14.3-32-32-32-32 14.3-32 32 14.3 32 32 32zm4 72.6c-20.8 25-51.5 39.4-84 39.4s-63.2-14.3-84-39.4c-8.5-10.2-23.7-11.5-33.8-3.1-10.2 8.5-11.5 23.6-3.1 33.8 30 36 74.1 56.6 120.9 56.6s90.9-20.6 120.9-56.6c8.5-10.2 7.1-25.3-3.1-33.8-10.1-8.4-25.3-7.1-33.8 3.1z\"><\/path><\/svg>\t\t\t\t\t\t<\/span>\n\t\t\t\t\t\t\t\t\t\t<span class=\"elementor-icon-list-text\">Les sourires sont gratuits et abondants<\/span>\n\t\t\t\t\t\t\t\t\t<\/li>\n\t\t\t\t\t\t<\/ul>\n\t\t\t\t\t\t<\/div>\n\t\t\t\t<div class=\"elementor-element elementor-element-50ae0b48 elementor-widget elementor-widget-google_maps\" data-id=\"50ae0b48\" data-element_type=\"widget\" data-widget_type=\"google_maps.default\">\n\t\t\t\t\t\t\t<div class=\"elementor-custom-embed\">\n\t\t\t<iframe loading=\"lazy\"\n\t\t\t\t\tsrc=\"https:\/\/maps.google.com\/maps?q=Mstudiophoto&#038;t=m&#038;z=14&#038;output=embed&#038;iwloc=near\"\n\t\t\t\t\ttitle=\"Mstudiophoto\"\n\t\t\t\t\taria-label=\"Mstudiophoto\"\n\t\t\t><\/iframe>\n\t\t<\/div>\n\t\t\t\t\t\t<\/div>\n\t\t\t\t\t<\/div>\n\t\t<\/div>\n\t\t\t\t<div class=\"elementor-column elementor-col-50 elementor-top-column elementor-element elementor-element-6d254094\" data-id=\"6d254094\" data-element_type=\"column\">\n\t\t\t<div class=\"elementor-widget-wrap elementor-element-populated\">\n\t\t\t\t\t\t<div class=\"elementor-element elementor-element-2f8c0bb9 eael-wpforms-labels-yes eael-wpforms-form-button-custom elementor-widget elementor-widget-eael-wpforms\" data-id=\"2f8c0bb9\" data-element_type=\"widget\" data-widget_type=\"eael-wpforms.default\">\n\t\t\t\t\t            <div class=\"eael-contact-form eael-wpforms eael-wpforms-align-default\">\n                                <div class=\"wpforms-container wpforms-container-full\" id=\"wpforms-221\"><form id=\"wpforms-form-221\" class=\"wpforms-validate wpforms-form\" data-formid=\"221\" method=\"post\" enctype=\"multipart\/form-data\" action=\"\/index.php\/wp-json\/wp\/v2\/pages\/586\" data-token=\"1d596cfa9166367160efe1aaef81dbff\" data-token-time=\"1776774240\"><noscript class=\"wpforms-error-noscript\">Veuillez activer JavaScript dans votre navigateur pour remplir ce formulaire.<\/noscript><div class=\"wpforms-field-container\"><div id=\"wpforms-221-field_0-container\" class=\"wpforms-field wpforms-field-name\" data-field-id=\"0\"><label class=\"wpforms-field-label\" for=\"wpforms-221-field_0\">Nom: <span class=\"wpforms-required-label\">*<\/span><\/label><input type=\"text\" id=\"wpforms-221-field_0\" class=\"wpforms-field-medium wpforms-field-required\" name=\"wpforms[fields][0]\" required><\/div><div id=\"wpforms-221-field_1-container\" class=\"wpforms-field wpforms-field-email\" data-field-id=\"1\"><label class=\"wpforms-field-label\" for=\"wpforms-221-field_1\">Email: <span class=\"wpforms-required-label\">*<\/span><\/label><input type=\"email\" id=\"wpforms-221-field_1\" class=\"wpforms-field-medium wpforms-field-required\" name=\"wpforms[fields][1]\" spellcheck=\"false\" required><\/div><div id=\"wpforms-221-field_6-container\" class=\"wpforms-field wpforms-field-text\" data-field-id=\"6\"><label class=\"wpforms-field-label\" for=\"wpforms-221-field_6\">T\u00e9l\u00e9phone:<\/label><input type=\"text\" id=\"wpforms-221-field_6\" class=\"wpforms-field-medium\" name=\"wpforms[fields][6]\" ><\/div><div id=\"wpforms-221-field_4-container\" class=\"wpforms-field wpforms-field-text\" data-field-id=\"4\"><label class=\"wpforms-field-label\" for=\"wpforms-221-field_4\">Sujet: <span class=\"wpforms-required-label\">*<\/span><\/label><input type=\"text\" id=\"wpforms-221-field_4\" class=\"wpforms-field-medium wpforms-field-required\" name=\"wpforms[fields][4]\" required><\/div><div id=\"wpforms-221-field_2-container\" class=\"wpforms-field wpforms-field-textarea\" data-field-id=\"2\"><label class=\"wpforms-field-label\" for=\"wpforms-221-field_2\">Comment or Message <span class=\"wpforms-required-label\">*<\/span><\/label><textarea id=\"wpforms-221-field_2\" class=\"wpforms-field-medium wpforms-field-required\" name=\"wpforms[fields][2]\" required><\/textarea><\/div><\/div><!-- .wpforms-field-container --><div class=\"wpforms-submit-container\" ><input type=\"hidden\" name=\"wpforms[id]\" value=\"221\"><input type=\"hidden\" name=\"page_title\" value=\"\"><input type=\"hidden\" name=\"page_url\" value=\"https:\/\/mstudiophoto.com\/index.php\/wp-json\/wp\/v2\/pages\/586\"><input type=\"hidden\" name=\"url_referer\" value=\"\"><button type=\"submit\" name=\"wpforms[submit]\" id=\"wpforms-submit-221\" class=\"wpforms-submit\" data-alt-text=\"Sending...\" data-submit-text=\"Envoyer\" aria-live=\"assertive\" value=\"wpforms-submit\">Envoyer<\/button><\/div><\/form><\/div>  <!-- .wpforms-container -->            <\/div>\n\t\t\t\t<\/div>\n\t\t\t\t\t<\/div>\n\t\t<\/div>\n\t\t\t\t\t<\/div>\n\t\t<\/section>\n\t\t\t\t<section class=\"elementor-section elementor-top-section elementor-element elementor-element-3e34918b elementor-section-boxed elementor-section-height-default elementor-section-height-default\" data-id=\"3e34918b\" data-element_type=\"section\" data-settings=\"{&quot;background_background&quot;:&quot;classic&quot;}\">\n\t\t\t\t\t\t<div class=\"elementor-container elementor-column-gap-default\">\n\t\t\t\t\t<div class=\"elementor-column elementor-col-33 elementor-top-column elementor-element elementor-element-23a1ed45\" data-id=\"23a1ed45\" data-element_type=\"column\">\n\t\t\t<div class=\"elementor-widget-wrap elementor-element-populated\">\n\t\t\t\t\t\t<div class=\"elementor-element elementor-element-6459854f elementor-icon-list--layout-inline elementor-mobile-align-center elementor-list-item-link-full_width elementor-widget elementor-widget-icon-list\" data-id=\"6459854f\" data-element_type=\"widget\" data-widget_type=\"icon-list.default\">\n\t\t\t\t\t\t\t<ul class=\"elementor-icon-list-items elementor-inline-items\">\n\t\t\t\t\t\t\t<li class=\"elementor-icon-list-item elementor-inline-item\">\n\t\t\t\t\t\t\t\t\t\t<span class=\"elementor-icon-list-text\">Terms &amp; Conditions<\/span>\n\t\t\t\t\t\t\t\t\t<\/li>\n\t\t\t\t\t\t\t\t<li class=\"elementor-icon-list-item elementor-inline-item\">\n\t\t\t\t\t\t\t\t\t\t<span class=\"elementor-icon-list-text\">Privacy Policy<\/span>\n\t\t\t\t\t\t\t\t\t<\/li>\n\t\t\t\t\t\t<\/ul>\n\t\t\t\t\t\t<\/div>\n\t\t\t\t\t<\/div>\n\t\t<\/div>\n\t\t\t\t<div class=\"elementor-column elementor-col-33 elementor-top-column elementor-element elementor-element-7b886117\" data-id=\"7b886117\" data-element_type=\"column\">\n\t\t\t<div class=\"elementor-widget-wrap elementor-element-populated\">\n\t\t\t\t\t\t<div class=\"elementor-element elementor-element-7d806e1c elementor-align-center elementor-widget elementor-widget-button\" data-id=\"7d806e1c\" data-element_type=\"widget\" data-widget_type=\"button.default\">\n\t\t\t\t\t\t\t\t\t\t<a class=\"elementor-button elementor-button-link elementor-size-sm elementor-animation-grow\" href=\"#top\">\n\t\t\t\t\t\t<span class=\"elementor-button-content-wrapper\">\n\t\t\t\t\t\t<span class=\"elementor-button-icon\">\n\t\t\t\t<svg aria-hidden=\"true\" class=\"e-font-icon-svg e-fas-angle-up\" viewBox=\"0 0 320 512\" xmlns=\"http:\/\/www.w3.org\/2000\/svg\"><path d=\"M177 159.7l136 136c9.4 9.4 9.4 24.6 0 33.9l-22.6 22.6c-9.4 9.4-24.6 9.4-33.9 0L160 255.9l-96.4 96.4c-9.4 9.4-24.6 9.4-33.9 0L7 329.7c-9.4-9.4-9.4-24.6 0-33.9l136-136c9.4-9.5 24.6-9.5 34-.1z\"><\/path><\/svg>\t\t\t<\/span>\n\t\t\t\t\t\t\t\t\t<span class=\"elementor-button-text\">Retour en haut<\/span>\n\t\t\t\t\t<\/span>\n\t\t\t\t\t<\/a>\n\t\t\t\t\t\t\t\t<\/div>\n\t\t\t\t\t<\/div>\n\t\t<\/div>\n\t\t\t\t<div class=\"elementor-column elementor-col-33 elementor-top-column elementor-element elementor-element-3f5e56b7\" data-id=\"3f5e56b7\" data-element_type=\"column\">\n\t\t\t<div class=\"elementor-widget-wrap\">\n\t\t\t\t\t\t\t<\/div>\n\t\t<\/div>\n\t\t\t\t\t<\/div>\n\t\t<\/section>\n\t\t\t\t<\/div>\n\t\t","protected":false},"excerpt":{"rendered":"<p>Votre s\u00e9ance photo Mstudiophoto est facilement accessible \u00e0 pied, \u00e0 v\u00e9lo ou en voiture. Si vous venez en voiture, se garer dans la rue est payant de 9h \u00e0 12h et 14h \u00e0 19h du lundi au vendredi, mais vous avez 30 minutes gratuites sur inscription. Pour en profiter, inscrivez votre plaque d&rsquo;immatriculation dans l&rsquo;horodateur [&hellip;]<\/p>\n","protected":false},"author":1,"featured_media":0,"parent":0,"menu_order":0,"comment_status":"closed","ping_status":"closed","template":"","meta":{"_monsterinsights_skip_tracking":false,"_monsterinsights_sitenote_active":false,"_monsterinsights_sitenote_note":"","_monsterinsights_sitenote_category":0,"footnotes":""},"class_list":["post-586","page","type-page","status-publish","hentry","entry"],"jetpack_sharing_enabled":true,"_links":{"self":[{"href":"https:\/\/mstudiophoto.com\/index.php\/wp-json\/wp\/v2\/pages\/586","targetHints":{"allow":["GET"]}}],"collection":[{"href":"https:\/\/mstudiophoto.com\/index.php\/wp-json\/wp\/v2\/pages"}],"about":[{"href":"https:\/\/mstudiophoto.com\/index.php\/wp-json\/wp\/v2\/types\/page"}],"author":[{"embeddable":true,"href":"https:\/\/mstudiophoto.com\/index.php\/wp-json\/wp\/v2\/users\/1"}],"replies":[{"embeddable":true,"href":"https:\/\/mstudiophoto.com\/index.php\/wp-json\/wp\/v2\/comments?post=586"}],"version-history":[{"count":36,"href":"https:\/\/mstudiophoto.com\/index.php\/wp-json\/wp\/v2\/pages\/586\/revisions"}],"predecessor-version":[{"id":2472,"href":"https:\/\/mstudiophoto.com\/index.php\/wp-json\/wp\/v2\/pages\/586\/revisions\/2472"}],"wp:attachment":[{"href":"https:\/\/mstudiophoto.com\/index.php\/wp-json\/wp\/v2\/media?parent=586"}],"curies":[{"name":"wp","href":"https:\/\/api.w.org\/{rel}","templated":true}]}}